{"id":141,"date":"2024-08-26T15:44:15","date_gmt":"2024-08-26T15:44:15","guid":{"rendered":"https:\/\/hiworld-design.com\/services\/"},"modified":"2024-08-27T06:46:35","modified_gmt":"2024-08-27T06:46:35","slug":"services","status":"publish","type":"page","link":"https:\/\/hiworld-design.com\/en\/services\/","title":{"rendered":"Services"},"content":{"rendered":"<style class=\"darkreader darkreader--sync\" media=\"screen\"><\/style>\n    <style class=\"darkreader darkreader--sync\" media=\"screen\"><\/style>\n    <style class=\"darkreader darkreader--sync\" media=\"screen\"><\/style>\n    \n    <section class=\"skrollable u-clearfix u-uploaded-video u-section-2\" id=\"sec-aed6\">\n      <img class=\"u-expanded-width u-image lazyload u-image-1\" data-image-width=\"1080\" data-image-height=\"1080\" alt=\"Stand Sur Mesure\" data-src=\"https:\/\/hiworld-design.com\/wp-content\/uploads\/2024\/08\/Stands-de-exposition-1.png\">\n      <style class=\"darkreader darkreader--sync\" media=\"screen\"><\/style>\n      <style class=\"darkreader darkreader--sync\" media=\"screen\"><\/style>\n      <style class=\"darkreader darkreader--sync\" media=\"screen\"><\/style>\n      <style class=\"darkreader darkreader--sync\" media=\"screen\"><\/style>\n      <style class=\"darkreader darkreader--sync\" media=\"screen\"><\/style>\n    <\/section>\n    <section class=\"u-clearfix u-section-3\" id=\"sec-a45b\">\n      <div class=\"u-clearfix u-sheet u-sheet-1\">\n        <h1 class=\"u-align-center u-text u-text-custom-color-2 u-text-1\">Manufacturer of custom exhibition stands, modular stands, and bespoke furniture.<\/h1>\n        <p class=\"u-align-center u-custom-font u-heading-font u-text u-text-custom-color-2 u-text-default u-text-2\"> Why choose us?<\/p>\n        <div class=\"u-expanded-width u-list u-list-1\">\n          <div class=\"u-repeater u-repeater-1\">\n            <div class=\"u-container-style u-list-item u-repeater-item u-list-item-1\">\n              <div class=\"u-container-layout u-similar-container u-container-layout-1\"><span class=\"u-align-center u-file-icon u-icon u-text-black u-icon-1\"><img decoding=\"async\" src=\"https:\/\/hiworld-design.com\/wp-content\/uploads\/2024\/08\/48c69ae8-1.png\" alt=\"\"><\/span>\n                <h3 class=\"u-align-center u-text u-text-custom-color-2 u-text-3\"> Experience<\/h3>\n                <div class=\"u-align-center u-border-10 u-border-black u-line u-line-horizontal u-line-1\" data-animation-name=\"\" data-animation-duration=\"0\" data-animation-delay=\"0\" data-animation-direction=\"\"><\/div>\n                <p class=\"u-align-justify u-text u-text-default-lg u-text-default-md u-text-default-sm u-text-default-xl u-text-4\"> Our team consists of experienced professionals in the design of custom exhibition stands, modular stands, bespoke furniture, and showrooms. We combine our creativity with the expertise gained over the years to create stands that perfectly meet your expectations.<\/p>\n              <\/div>\n            <\/div>\n            <div class=\"u-container-style u-list-item u-repeater-item u-list-item-2\">\n              <div class=\"u-container-layout u-similar-container u-container-layout-2\"><span class=\"u-align-center u-file-icon u-icon u-text-black u-icon-2\"><img decoding=\"async\" src=\"https:\/\/hiworld-design.com\/wp-content\/uploads\/2024\/08\/ad78e128-1.png\" alt=\"\"><\/span>\n                <h3 class=\"u-align-center u-text u-text-custom-color-2 u-text-5\"> Expertise<\/h3>\n                <div class=\"u-align-center u-border-10 u-border-black u-line u-line-horizontal u-line-2\" data-animation-name=\"\" data-animation-duration=\"0\" data-animation-delay=\"0\" data-animation-direction=\"\"><\/div>\n                <p class=\"u-align-justify u-text u-text-default-lg u-text-default-md u-text-default-sm u-text-default-xl u-text-6\">Hiworld has a team of experienced specialists in our field. We combine expertise and innovation to offer tailored solutions that meet the specific needs of each client, ensuring high-quality results. <\/p>\n              <\/div>\n            <\/div>\n            <div class=\"u-container-style u-list-item u-repeater-item u-list-item-3\">\n              <div class=\"u-container-layout u-similar-container u-container-layout-3\"><span class=\"u-align-center u-file-icon u-icon u-text-black u-icon-3\"><img decoding=\"async\" src=\"https:\/\/hiworld-design.com\/wp-content\/uploads\/2024\/08\/1082036e-1.png\" alt=\"\"><\/span>\n                <h3 class=\"u-align-center u-text u-text-custom-color-2 u-text-7\">Quality of Products<\/h3>\n                <div class=\"u-align-center u-border-10 u-border-black u-line u-line-horizontal u-line-3\" data-animation-name=\"\" data-animation-duration=\"0\" data-animation-delay=\"0\" data-animation-direction=\"\"><\/div>\n                <p class=\"u-align-justify u-text u-text-default-lg u-text-default-md u-text-default-sm u-text-default-xl u-text-8\"> We guarantee the highest quality for all our custom stands, modular stands, and bespoke furniture. Each project is crafted with top-quality materials and meticulous attention to detail. Our commitment to excellence ensures stands that are durable, aesthetically pleasing, and perfectly suited to your needs.<\/p>\n              <\/div>\n            <\/div>\n          <\/div>\n        <\/div>\n      <\/div>\n      <style class=\"darkreader darkreader--sync\" media=\"screen\"><\/style>\n      <style class=\"darkreader darkreader--sync\" media=\"screen\"><\/style>\n      <style class=\"darkreader darkreader--sync\" media=\"screen\"><\/style>\n      <style class=\"darkreader darkreader--sync\" media=\"screen\"><\/style>\n      <style class=\"darkreader darkreader--sync\" media=\"screen\"><\/style>\n    <\/section>\n    <section class=\"u-align-center u-clearfix u-container-align-center u-container-align-center-lg u-container-align-center-md u-container-align-center-sm u-container-align-center-xl u-custom-color-2 u-valign-middle-xs u-section-4\" id=\"carousel_d995\" data-animation-name=\"\" data-animation-duration=\"0\" data-animation-delay=\"0\" data-animation-direction=\"\">\n      <div class=\"u-container-align-center-lg u-container-align-center-md u-container-align-center-sm u-container-align-center-xl u-container-style u-expanded-width-xs u-group u-shape-rectangle u-white u-group-1\">\n        <div class=\"u-container-layout u-container-layout-1\">\n          <h2 class=\"u-align-center u-text u-text-1\">Services<\/h2>\n          <div class=\"u-expanded-width u-list u-list-1\">\n            <div class=\"u-repeater u-repeater-1\">\n              <div class=\"u-align-left u-container-align-left u-container-align-left-lg u-container-align-left-md u-container-align-left-sm u-container-align-left-xl u-container-style u-list-item u-repeater-item u-list-item-1\" src=\"\">\n                <div class=\"u-container-layout u-similar-container u-valign-top-lg u-valign-top-md u-valign-top-sm u-valign-top-xl u-container-layout-2\">\n                  <img class=\"u-expanded-width u-image lazyload u-image-1\" data-image-width=\"1600\" data-image-height=\"1200\" alt=\"Stand Sur Mesure\" data-src=\"https:\/\/hiworld-design.com\/wp-content\/uploads\/2024\/08\/edf8ea6e-40db-465a-aeb9-f538fd11bc40-1.jpg\">\n                  <div class=\"custom-expanded u-align-center u-container-align-center u-container-align-center-lg u-container-align-center-md u-container-align-center-sm u-container-align-center-xl u-container-style u-group u-white u-group-2\" data-animation-name=\"\" data-animation-duration=\"0\" data-animation-delay=\"0\" data-animation-direction=\"\">\n                    <div class=\"u-container-layout u-valign-middle u-container-layout-3\">\n                      <h2 class=\"u-align-center u-text u-text-default u-text-2\">Modular stands<\/h2>\n                    <\/div>\n                  <\/div>\n                <\/div>\n              <\/div>\n              <div class=\"u-align-left u-container-align-left u-container-align-left-lg u-container-align-left-md u-container-align-left-sm u-container-align-left-xl u-container-style u-list-item u-repeater-item u-list-item-2\" src=\"\">\n                <div class=\"u-container-layout u-similar-container u-valign-top-lg u-valign-top-md u-valign-top-sm u-valign-top-xl u-container-layout-4\">\n                  <img class=\"u-expanded-width u-image lazyload u-image-2\" data-image-width=\"1080\" data-image-height=\"1080\" alt=\"Fabricant de Stands\" data-src=\"https:\/\/hiworld-design.com\/wp-content\/uploads\/2024\/08\/11-1.png\">\n                  <div class=\"custom-expanded u-align-center u-container-align-center u-container-align-center-lg u-container-align-center-md u-container-align-center-sm u-container-align-center-xl u-container-style u-group u-white u-group-3\" data-animation-name=\"\" data-animation-duration=\"0\" data-animation-delay=\"0\" data-animation-direction=\"\">\n                    <div class=\"u-container-layout u-valign-middle u-container-layout-5\">\n                      <h2 class=\"u-align-center u-text u-text-default u-text-3\">Custom Stands&nbsp;<\/h2>\n                    <\/div>\n                  <\/div>\n                <\/div>\n              <\/div>\n              <div class=\"u-align-left u-container-align-left u-container-align-left-lg u-container-align-left-md u-container-align-left-sm u-container-align-left-xl u-container-style u-list-item u-repeater-item u-list-item-3\" src=\"\">\n                <div class=\"u-container-layout u-similar-container u-valign-top-lg u-valign-top-md u-valign-top-sm u-valign-top-xl u-container-layout-6\">\n                  <img class=\"u-expanded-width u-image lazyload u-image-3\" data-image-width=\"1080\" data-image-height=\"1080\" alt=\"Stand Modulaire\" data-src=\"https:\/\/hiworld-design.com\/wp-content\/uploads\/2024\/08\/1-1.png\">\n                  <div class=\"custom-expanded u-align-center u-container-align-center u-container-align-center-lg u-container-align-center-md u-container-align-center-sm u-container-align-center-xl u-container-style u-group u-white u-group-4\" data-animation-name=\"\" data-animation-duration=\"0\" data-animation-delay=\"0\" data-animation-direction=\"\">\n                    <div class=\"u-container-layout u-valign-middle u-container-layout-7\">\n                      <h2 class=\"u-align-center u-text u-text-default u-text-4\">Showrooms<\/h2>\n                    <\/div>\n                  <\/div>\n                <\/div>\n              <\/div>\n            <\/div>\n          <\/div>\n        <\/div>\n      <\/div>\n      <style class=\"darkreader darkreader--sync\" media=\"screen\"><\/style>\n      <style class=\"darkreader darkreader--sync\" media=\"screen\"><\/style>\n      <style class=\"darkreader darkreader--sync\" media=\"screen\"><\/style>\n      <style class=\"darkreader darkreader--sync\" media=\"screen\"><\/style>\n      <style class=\"darkreader darkreader--sync\" media=\"screen\"><\/style>\n    <\/section>\n    <section class=\"u-clearfix u-section-5\" id=\"sec-5de7\">\n      <div class=\"u-clearfix u-sheet u-sheet-1\">\n        <p class=\"u-align-justify u-text u-text-1\"> As a leader in stand manufacturing, we offer a range of specialised services, but our commitment goes far beyond these offerings. We thrive on taking on new challenges and stepping out of our comfort zone. By facing the unknown and exploring new territories, we push our limits and foster innovation. Each project for the design and manufacture of custom exhibition stands, modular stands, and bespoke furniture is an opportunity for growth, enabling us to deliver <span style=\"font-weight: 700;\" class=\"u-text-custom-color-2\">exceptional and tailored solutions<\/span>. Our dedication to facing challenges ensures that we not only meet but exceed expectations, continuously setting new standards in our field.<br>\n          <span class=\"u-text-custom-color-2\" style=\"font-weight: 700;\">This proactive approach enables us to adapt and excel in a constantly evolving landscape.<\/span>\n        <\/p>\n      <\/div>\n      <style class=\"darkreader darkreader--sync\" media=\"screen\"><\/style>\n      <style class=\"darkreader darkreader--sync\" media=\"screen\"><\/style>\n      <style class=\"darkreader darkreader--sync\" media=\"screen\"><\/style>\n      <style class=\"darkreader darkreader--sync\" media=\"screen\"><\/style>\n      <style class=\"darkreader darkreader--sync\" media=\"screen\"><\/style>\n    <\/section>\n    <section class=\"u-clearfix u-white u-section-6\" id=\"carousel_b99d\">\n      <div class=\"u-clearfix u-sheet u-sheet-1\">\n        <p class=\"u-align-center u-custom-font u-heading-font u-text u-text-custom-color-2 u-text-1\">Contact Us<\/p>\n        <p class=\"u-align-center u-custom-font u-heading-font u-text u-text-default u-text-2\">Any questions or comments? Just drop us a message.<\/p>\n        <div class=\"u-expanded-width-xs u-form u-form-1\">\n          <form action=\"https:\/\/forms.nicepagesrv.com\/v2\/form\/process\" class=\"u-clearfix u-form-spacing-32 u-form-vertical u-inner-form\" source=\"email\" name=\"form\" style=\"padding: 10px;\">\n            <div class=\"u-form-email u-form-group u-form-partition-factor-2\">\n              <label class=\"u-label\">Email<\/label>\n              <input type=\"email\" placeholder=\"Enter a valid email address\" id=\"email-bb9b\" name=\"email\" class=\"u-border-none u-input u-input-rectangle u-radius-50\" required=\"\">\n            <\/div>\n            <div class=\"u-form-group u-form-name u-form-partition-factor-2\">\n              <label class=\"u-label\">Name<\/label>\n              <input type=\"text\" placeholder=\"Enter your Name\" id=\"name-bb9b\" name=\"name\" class=\"u-border-none u-input u-input-rectangle u-radius-50\" required=\"\">\n            <\/div>\n            <div class=\"u-form-group u-form-message u-form-group-3\">\n              <label class=\"u-label\">Message<\/label>\n              <textarea placeholder=\"Enter your message\" id=\"message-e11c\" name=\"message\" class=\"u-border-none u-input u-input-rectangle u-radius u-input-3\" required=\"\"><\/textarea>\n            <\/div>\n            <div class=\"u-align-right u-form-group u-form-submit\">\n              <a href=\"#\" class=\"u-active-custom-color-2 u-border-none u-btn u-btn-round u-btn-submit u-button-style u-custom-color-2 u-hover-custom-color-2 u-radius-50 u-text-active-white u-text-hover-white u-text-white u-btn-1\">Submit<\/a>\n              <input type=\"submit\" value=\"submit\" class=\"u-form-control-hidden\" wfd-invisible=\"true\">\n            <\/div>\n            <div class=\"u-form-send-message u-form-send-success\"> Thank you! Your message has been sent. <\/div>\n            <div class=\"u-form-send-error u-form-send-message\"> Unable to send your message. Please fix errors then try again. <\/div>\n            <input type=\"hidden\" value=\"\" name=\"recaptchaResponse\" wfd-invisible=\"true\">\n            <input type=\"hidden\" name=\"formServices\" value=\"9ce579c7-bfff-fb58-f7b0-9339c2371b50\">\n          <\/form>\n        <\/div>\n      <\/div>\n      <style class=\"darkreader darkreader--sync\" media=\"screen\"><\/style>\n      <style class=\"darkreader darkreader--sync\" media=\"screen\"><\/style>\n      <style class=\"darkreader darkreader--sync\" media=\"screen\"><\/style>\n      <style class=\"darkreader darkreader--sync\" media=\"screen\"><\/style>\n      <style class=\"darkreader darkreader--sync\" media=\"screen\"><\/style>\n    <\/section>\n    \n    <style class=\"darkreader darkreader--sync\" media=\"screen\"><\/style>","protected":false},"excerpt":{"rendered":"<p>Fabricant de stands d&rsquo;exposition sur mesure, stands modulaires et de meuble personnalis\u00e9\u200b. Pourquoi nous choisir? Exp\u00e9rience Notre \u00e9quipe est compos\u00e9e de professionnels exp\u00e9riment\u00e9s dans la conception de stands d&rsquo;exposition sur mesure, stands modulaires, meuble personnalis\u00e9 et de showrooms. Nous combinons notre cr\u00e9ativit\u00e9 avec l&rsquo;expertise acquise au fil des ann\u00e9es pour cr\u00e9er stands qui r\u00e9pondent parfaitement &hellip; <a href=\"https:\/\/hiworld-design.com\/en\/services\/\" class=\"more-link\">Continue reading<span class=\"screen-reader-text\"> \u00ab\u00a0Services\u00a0\u00bb<\/span><\/a><\/p>","protected":false},"author":1,"featured_media":0,"parent":0,"menu_order":1,"comment_status":"closed","ping_status":"closed","template":"","meta":{"_coblocks_attr":"","_coblocks_dimensions":"","_coblocks_responsive_height":"","_coblocks_accordion_ie_support":"","footnotes":""},"class_list":["post-141","page","type-page","status-publish","hentry"],"_links":{"self":[{"href":"https:\/\/hiworld-design.com\/en\/wp-json\/wp\/v2\/pages\/141","targetHints":{"allow":["GET"]}}],"collection":[{"href":"https:\/\/hiworld-design.com\/en\/wp-json\/wp\/v2\/pages"}],"about":[{"href":"https:\/\/hiworld-design.com\/en\/wp-json\/wp\/v2\/types\/page"}],"author":[{"embeddable":true,"href":"https:\/\/hiworld-design.com\/en\/wp-json\/wp\/v2\/users\/1"}],"replies":[{"embeddable":true,"href":"https:\/\/hiworld-design.com\/en\/wp-json\/wp\/v2\/comments?post=141"}],"version-history":[{"count":2,"href":"https:\/\/hiworld-design.com\/en\/wp-json\/wp\/v2\/pages\/141\/revisions"}],"predecessor-version":[{"id":272,"href":"https:\/\/hiworld-design.com\/en\/wp-json\/wp\/v2\/pages\/141\/revisions\/272"}],"wp:attachment":[{"href":"https:\/\/hiworld-design.com\/en\/wp-json\/wp\/v2\/media?parent=141"}],"curies":[{"name":"wp","href":"https:\/\/api.w.org\/{rel}","templated":true}]}}