{"id":142,"date":"2024-08-26T15:44:16","date_gmt":"2024-08-26T15:44:16","guid":{"rendered":"https:\/\/hiworld-design.com\/home\/"},"modified":"2024-12-04T09:55:20","modified_gmt":"2024-12-04T09:55:20","slug":"fabricant-de-stands","status":"publish","type":"page","link":"https:\/\/hiworld-design.com\/en\/","title":{"rendered":"HiWorld"},"content":{"rendered":"<style class=\"darkreader darkreader--sync\" media=\"screen\"><\/style>\n    <style class=\"darkreader darkreader--sync\" media=\"screen\"><\/style>\n    <style class=\"darkreader darkreader--sync\" media=\"screen\"><\/style>\n    \n    <style class=\"darkreader darkreader--sync\" media=\"screen\"><\/style>\n    <style class=\"darkreader darkreader--sync\" media=\"screen\"><\/style>\n    <style class=\"darkreader darkreader--sync\" media=\"screen\"><\/style>\n    <style class=\"darkreader darkreader--sync\" media=\"screen\"><\/style>\n    <style class=\"darkreader darkreader--sync\" media=\"screen\"><\/style>\n    <style class=\"darkreader darkreader--sync\" media=\"screen\"><\/style>\n    <section class=\"skrollable u-clearfix u-uploaded-video u-section-2\" id=\"sec-2e39\">\n      <img class=\"u-expanded-width u-image lazyload u-image-1\" data-image-width=\"1080\" data-image-height=\"1080\" alt=\"Fabricant de stands sur mesure\" data-src=\"https:\/\/hiworld-design.com\/wp-content\/uploads\/2024\/08\/Stands-de-exposition-1.png\">\n      <h1 class=\"u-align-left u-text u-text-custom-color-2 u-text-1\">Designer and Manufacturer of Exhibition Stands, Custom Stands, Modular Stands, and Bespoke Furniture.<\/h1>\n      <style class=\"darkreader darkreader--sync\" media=\"screen\"><\/style>\n      <style class=\"darkreader darkreader--sync\" media=\"screen\"><\/style>\n      <style class=\"darkreader darkreader--sync\" media=\"screen\"><\/style>\n      <style class=\"darkreader darkreader--sync\" media=\"screen\"><\/style>\n      <style class=\"darkreader darkreader--sync\" media=\"screen\"><\/style>\n    <\/section>\n    <section class=\"u-clearfix u-section-3\" id=\"sec-918b\">\n      <div class=\"u-clearfix u-sheet u-valign-middle u-sheet-1\">\n        <div class=\"data-layout-selected u-clearfix u-expanded-width-xs u-gutter-20 u-layout-wrap u-layout-wrap-1\">\n          <div class=\"u-layout\">\n            <div class=\"u-layout-row\">\n              <div class=\"u-align-left u-container-align-left u-container-style u-layout-cell u-size-25 u-layout-cell-1\">\n                <div class=\"u-container-layout u-container-layout-1\">\n                  <p class=\"u-text u-text-custom-color-2 u-text-1\">Your stand, our commitment: unique design, high-quality construction.<\/p>\n                <\/div>\n              <\/div>\n              <div class=\"u-align-justify u-container-style u-layout-cell u-size-35 u-layout-cell-2\">\n                <div class=\"u-container-layout u-container-layout-2\">\n                  <p class=\"u-text u-text-default-lg u-text-default-md u-text-default-sm u-text-default-xl u-text-2\"> Welcome to HiWorld, a <span class=\"u-text-custom-color-2\" style=\"font-weight: 700;\">a communication agency specialising in exhibition events.<\/span>\n                    <br>Our experienced team excels in <span class=\"u-text-custom-color-2\">the design of custom exhibition stands<\/span>, combining creativity and expertise. As stand manufacturers, we offer complete solutions for your exhibitions, showrooms, and professional events. We design functional and aesthetic spaces, incorporating high-quality furniture elements to create captivating environments tailored to your needs.<br>Trust our expertise to transform your ideas into remarkable creations. \n                  <\/p>\n                <\/div>\n              <\/div>\n            <\/div>\n          <\/div>\n        <\/div>\n      <\/div>\n      <style class=\"darkreader darkreader--sync\" media=\"screen\"><\/style>\n      <style class=\"darkreader darkreader--sync\" media=\"screen\"><\/style>\n      <style class=\"darkreader darkreader--sync\" media=\"screen\"><\/style>\n      <style class=\"darkreader darkreader--sync\" media=\"screen\"><\/style>\n      <style class=\"darkreader darkreader--sync\" media=\"screen\"><\/style>\n    <\/section>\n    <section class=\"u-clearfix u-section-4\" id=\"carousel_355c\">\n      <style class=\"darkreader darkreader--sync\" media=\"screen\"><\/style>\n      <style class=\"darkreader darkreader--sync\" media=\"screen\"><\/style>\n      <style class=\"darkreader darkreader--sync\" media=\"screen\"><\/style>\n      <style class=\"darkreader darkreader--sync\" media=\"screen\"><\/style>\n      <style class=\"darkreader darkreader--sync\" media=\"screen\"><\/style>\n      <div class=\"u-clearfix u-sheet u-valign-middle-lg u-valign-middle-md u-valign-middle-sm u-valign-middle-xl u-sheet-1\">\n        <div class=\"u-gallery u-layout-grid u-lightbox u-no-transition u-show-text-none u-gallery-1\">\n          <div class=\"u-gallery-inner u-gallery-inner-1\">\n            <div class=\"u-effect-hover-zoom u-gallery-item u-shape-rectangle\" data-animation-name=\"\" data-animation-duration=\"0\" data-animation-delay=\"0\" data-animation-direction=\"\">\n              <div class=\"u-back-slide\" data-image-width=\"1080\" data-image-height=\"1080\">\n                <img class=\"u-back-image u-expanded lazyload\" data-image-width=\"1080\" data-image-height=\"1080\" alt=\"Stand Sur Mesure\" data-src=\"https:\/\/hiworld-design.com\/wp-content\/uploads\/2024\/08\/Exposition-Stand-1.png\">\n              <\/div>\n              <div class=\"u-over-slide u-shading u-over-slide-1\">\n                <h3 class=\"u-gallery-heading\">Stand Sur Mesure<\/h3>\n                <p class=\"u-gallery-text\">Stand sur mesure avec publicit\u00e9 et couleurs faisant allusion \u00e0 la marque.<\/p>\n              <\/div>\n            <\/div>\n            <div class=\"u-effect-hover-zoom u-gallery-item u-shape-rectangle\" data-animation-name=\"\" data-animation-duration=\"0\" data-animation-delay=\"0\" data-animation-direction=\"\">\n              <div class=\"u-back-slide\">\n                <img class=\"u-back-image u-expanded lazyload\" data-image-width=\"1080\" data-image-height=\"1080\" alt=\"Fabricant de stands\" data-src=\"https:\/\/hiworld-design.com\/wp-content\/uploads\/2024\/08\/Stands-de-exposition-Sur-Mesure-1.png\">\n              <\/div>\n              <div class=\"u-over-slide u-shading u-over-slide-2\">\n                <h3 class=\"u-gallery-heading\">Fabricant de stands<\/h3>\n                <p class=\"u-gallery-text\">Stand d'exposition sur mesure avec beaucoup de publicit\u00e9 et d'espaces pour exposer des produits.<\/p>\n              <\/div>\n            <\/div>\n            <div class=\"u-effect-hover-zoom u-gallery-item u-shape-rectangle\" data-animation-name=\"\" data-animation-duration=\"0\" data-animation-delay=\"0\" data-animation-direction=\"\">\n              <div class=\"u-back-slide\">\n                <img class=\"u-back-image u-expanded lazyload\" data-image-width=\"1080\" data-image-height=\"1080\" alt=\"Stands Modulaire\" data-src=\"https:\/\/hiworld-design.com\/wp-content\/uploads\/2024\/08\/Stands-de-exposition-1.png\">\n              <\/div>\n              <div class=\"u-over-slide u-shading u-over-slide-3\">\n                <h3 class=\"u-gallery-heading\">Stands Modulaire<\/h3>\n                <p class=\"u-gallery-text\">Stand modulaire \u00e0 am\u00e9nagement ouvert favorisant la conversation et l'engagement avec tous les passants.<\/p>\n              <\/div>\n            <\/div>\n            <div class=\"u-effect-hover-zoom u-gallery-item u-shape-rectangle\" data-animation-name=\"\" data-animation-duration=\"0\" data-animation-delay=\"0\" data-animation-direction=\"\">\n              <div class=\"u-back-slide\">\n                <img class=\"u-back-image u-expanded lazyload\" data-image-width=\"1080\" data-image-height=\"1080\" alt=\"Stand de exposition\" data-src=\"https:\/\/hiworld-design.com\/wp-content\/uploads\/2024\/08\/Meubles-Personnaliss-1.png\">\n              <\/div>\n              <div class=\"u-over-slide u-shading u-over-slide-4\">\n                <h3 class=\"u-gallery-heading\">Stand de exposition<\/h3>\n                <p class=\"u-gallery-text\">Stand sur mesure aux couleurs monochromes pr\u00e9sentant les produits de la marque.<\/p>\n              <\/div>\n            <\/div>\n          <\/div>\n        <\/div>\n      <\/div>\n    <\/section>\n    <section class=\"u-align-center u-clearfix u-container-align-center u-white u-section-5\" id=\"carousel_366d\">\n      <div class=\"u-clearfix u-sheet u-sheet-1\">\n        <div class=\"u-align-center u-container-align-center u-container-style u-custom-color-2 u-expanded-width u-group u-radius-20 u-shape-round u-group-1\">\n          <div class=\"u-container-layout u-container-layout-1\">\n            <h2 class=\"u-font-source-sans-pro u-text u-text-1\">Designer\/Manufacturer of Custom Stands, Modular Stands, Showrooms, Bespoke Furniture, and more.<\/h2>\n            <a href=\"https:\/\/hiworld-design.com\/en\/services\/\" class=\"u-active-white u-align-center u-border-none u-btn u-btn-round u-button-style u-hover-white u-radius u-text-palette-2-dark-1 u-white u-btn-1\"> Discover our services<\/a>\n          <\/div>\n        <\/div>\n      <\/div>\n      <style class=\"darkreader darkreader--sync\" media=\"screen\"><\/style>\n      <style class=\"darkreader darkreader--sync\" media=\"screen\"><\/style>\n      <style class=\"darkreader darkreader--sync\" media=\"screen\"><\/style>\n      <style class=\"darkreader darkreader--sync\" media=\"screen\"><\/style>\n      <style class=\"darkreader darkreader--sync\" media=\"screen\"><\/style>\n    <\/section>\n    <section class=\"u-clearfix u-section-6\" id=\"sec-056a\">\n      <div class=\"u-clearfix u-sheet u-valign-middle-lg u-valign-middle-md u-valign-middle-sm u-valign-middle-xl u-sheet-1\">\n        <p class=\"u-align-justify u-text u-text-1\"> Based in Paris, our company is a key player in the market, specialising in <span class=\"u-text-custom-color-2\">the design and manufacture of exhibition stands, custom furniture, and bespoke showrooms<\/span>. With a highly experienced team, we offer tailored solutions for exhibitions and professional events, ensuring your brand stands out. In partnership with skilled construction teams, we guarantee high-quality craftsmanship that meets the unique requirements of each project.<br>We are proud to contribute to the global design scene with our innovative approach. \n        <\/p>\n      <\/div>\n      <style class=\"darkreader darkreader--sync\" media=\"screen\"><\/style>\n      <style class=\"darkreader darkreader--sync\" media=\"screen\"><\/style>\n      <style class=\"darkreader darkreader--sync\" media=\"screen\"><\/style>\n      <style class=\"darkreader darkreader--sync\" media=\"screen\"><\/style>\n      <style class=\"darkreader darkreader--sync\" media=\"screen\"><\/style>\n    <\/section>\n    <section class=\"u-align-center u-clearfix u-container-align-center u-container-align-center-lg u-container-align-center-md u-container-align-center-sm u-container-align-center-xl u-section-7\" id=\"sec-47d3\">\n      <div class=\"u-clearfix u-sheet u-valign-middle-md u-valign-middle-sm u-sheet-1\">\n        <h2 class=\"u-align-left u-text u-text-custom-color-2 u-text-default-lg u-text-default-md u-text-default-sm u-text-default-xl u-text-1\"> Design, Production, and Delivery of Custom Stands and Bespoke Furniture.<\/h2>\n        <div class=\"custom-expanded u-expanded-width-lg u-expanded-width-md u-expanded-width-sm u-expanded-width-xl u-layout-horizontal u-list u-list-1\">\n          <div class=\"u-repeater u-repeater-1\">\n            <div class=\"u-container-style u-list-item u-repeater-item\">\n              <div class=\"u-container-layout u-similar-container u-container-layout-1\">\n                <img class=\"u-image u-image-contain u-image-default u-preserve-proportions lazyload u-image-1\" alt=\"Stands sur mesure\" data-image-width=\"1080\" data-image-height=\"1080\" data-src=\"https:\/\/hiworld-design.com\/wp-content\/uploads\/2024\/08\/Fabricant-de-stand-1.png\">\n                <h3 class=\"u-align-center u-text u-text-custom-color-2 u-text-2\">Design<\/h3>\n                <p class=\"u-align-justify u-text u-text-3\"> Our specialised team designs custom exhibition stands, modular stands, bespoke furniture, and showrooms, ensuring a unique and impactful presence that perfectly reflects your brand\u2019s vision.<\/p>\n              <\/div>\n            <\/div>\n            <div class=\"u-container-style u-list-item u-repeater-item\">\n              <div class=\"u-container-layout u-similar-container u-container-layout-2\">\n                <img class=\"u-image u-image-contain u-image-default u-preserve-proportions lazyload u-image-2\" alt=\"Fabricant de stands\" data-image-width=\"1080\" data-image-height=\"1080\" data-src=\"https:\/\/hiworld-design.com\/wp-content\/uploads\/2024\/08\/HiWorld-1.png\">\n                <h3 class=\"u-align-center u-text u-text-custom-color-2 u-text-4\">Production&nbsp;<\/h3>\n                <p class=\"u-align-justify u-text u-text-5\"> We collaborate with top-tier teams for the manufacture of custom stands, modular stands, and bespoke furniture, ensuring high-quality products for your exhibitions and showrooms.<\/p>\n              <\/div>\n            <\/div>\n            <div class=\"u-container-style u-list-item u-repeater-item\">\n              <div class=\"u-container-layout u-similar-container u-container-layout-3\">\n                <img class=\"u-image u-image-contain u-image-default u-preserve-proportions lazyload u-image-3\" alt=\"Stands de exposition\" data-image-width=\"1080\" data-image-height=\"1080\" data-src=\"https:\/\/hiworld-design.com\/wp-content\/uploads\/2024\/08\/Meuble-personnaliss-1.png\">\n                <h3 class=\"u-align-center u-text u-text-custom-color-2 u-text-6\"> Delivery<\/h3>\n                <p class=\"u-align-justify u-text u-text-7\"> We oversee the delivery of your custom furniture and stands, with an on-site expert to ensure a seamless installation and adjustment for your exhibitions and showrooms.<\/p>\n              <\/div>\n            <\/div>\n          <\/div>\n          <a class=\"u-absolute-vcenter u-gallery-nav u-gallery-nav-prev u-grey-70 u-hidden-lg u-hidden-xl u-icon-circle u-opacity u-opacity-70 u-spacing-10 u-text-white u-gallery-nav-1\" href=\"#\" role=\"button\">\n            <span aria-hidden=\"true\">\n              <svg viewbox=\"0 0 129 129\"><path d=\"m64.5,122.6c32,0 58.1-26 58.1-58.1s-26-58-58.1-58-58,26-58,58 26,58.1 58,58.1zm0-108c27.5,5.32907e-15 49.9,22.4 49.9,49.9s-22.4,49.9-49.9,49.9-49.9-22.4-49.9-49.9 22.4-49.9 49.9-49.9z\"><\/path><path d=\"m70,93.5c0.8,0.8 1.8,1.2 2.9,1.2 1,0 2.1-0.4 2.9-1.2 1.6-1.6 1.6-4.2 0-5.8l-23.5-23.5 23.5-23.5c1.6-1.6 1.6-4.2 0-5.8s-4.2-1.6-5.8,0l-26.4,26.4c-0.8,0.8-1.2,1.8-1.2,2.9s0.4,2.1 1.2,2.9l26.4,26.4z\"><\/path><\/svg>\n            <\/span>\n            <span class=\"sr-only\">\n              <svg viewbox=\"0 0 129 129\"><path d=\"m64.5,122.6c32,0 58.1-26 58.1-58.1s-26-58-58.1-58-58,26-58,58 26,58.1 58,58.1zm0-108c27.5,5.32907e-15 49.9,22.4 49.9,49.9s-22.4,49.9-49.9,49.9-49.9-22.4-49.9-49.9 22.4-49.9 49.9-49.9z\"><\/path><path d=\"m70,93.5c0.8,0.8 1.8,1.2 2.9,1.2 1,0 2.1-0.4 2.9-1.2 1.6-1.6 1.6-4.2 0-5.8l-23.5-23.5 23.5-23.5c1.6-1.6 1.6-4.2 0-5.8s-4.2-1.6-5.8,0l-26.4,26.4c-0.8,0.8-1.2,1.8-1.2,2.9s0.4,2.1 1.2,2.9l26.4,26.4z\"><\/path><\/svg>\n            <\/span>\n          <\/a>\n          <a class=\"u-absolute-vcenter u-gallery-nav u-gallery-nav-next u-grey-70 u-hidden-lg u-hidden-xl u-icon-circle u-opacity u-opacity-70 u-spacing-10 u-text-white u-gallery-nav-2\" href=\"#\" role=\"button\">\n            <span aria-hidden=\"true\">\n              <svg viewbox=\"0 0 129 129\"><path d=\"M64.5,122.6c32,0,58.1-26,58.1-58.1S96.5,6.4,64.5,6.4S6.4,32.5,6.4,64.5S32.5,122.6,64.5,122.6z M64.5,14.6    c27.5,0,49.9,22.4,49.9,49.9S92,114.4,64.5,114.4S14.6,92,14.6,64.5S37,14.6,64.5,14.6z\"><\/path><path d=\"m51.1,93.5c0.8,0.8 1.8,1.2 2.9,1.2 1,0 2.1-0.4 2.9-1.2l26.4-26.4c0.8-0.8 1.2-1.8 1.2-2.9 0-1.1-0.4-2.1-1.2-2.9l-26.4-26.4c-1.6-1.6-4.2-1.6-5.8,0-1.6,1.6-1.6,4.2 0,5.8l23.5,23.5-23.5,23.5c-1.6,1.6-1.6,4.2 0,5.8z\"><\/path><\/svg>\n            <\/span>\n            <span class=\"sr-only\">\n              <svg viewbox=\"0 0 129 129\"><path d=\"M64.5,122.6c32,0,58.1-26,58.1-58.1S96.5,6.4,64.5,6.4S6.4,32.5,6.4,64.5S32.5,122.6,64.5,122.6z M64.5,14.6    c27.5,0,49.9,22.4,49.9,49.9S92,114.4,64.5,114.4S14.6,92,14.6,64.5S37,14.6,64.5,14.6z\"><\/path><path d=\"m51.1,93.5c0.8,0.8 1.8,1.2 2.9,1.2 1,0 2.1-0.4 2.9-1.2l26.4-26.4c0.8-0.8 1.2-1.8 1.2-2.9 0-1.1-0.4-2.1-1.2-2.9l-26.4-26.4c-1.6-1.6-4.2-1.6-5.8,0-1.6,1.6-1.6,4.2 0,5.8l23.5,23.5-23.5,23.5c-1.6,1.6-1.6,4.2 0,5.8z\"><\/path><\/svg>\n            <\/span>\n          <\/a>\n        <\/div>\n      <\/div>\n      <style class=\"darkreader darkreader--sync\" media=\"screen\"><\/style>\n      <style class=\"darkreader darkreader--sync\" media=\"screen\"><\/style>\n      <style class=\"darkreader darkreader--sync\" media=\"screen\"><\/style>\n      <style class=\"darkreader darkreader--sync\" media=\"screen\"><\/style>\n      <style class=\"darkreader darkreader--sync\" media=\"screen\"><\/style>\n    <\/section>\n    <section class=\"u-align-center u-clearfix u-container-align-center u-white u-section-8\" id=\"carousel_67b0\">\n      <div class=\"u-clearfix u-sheet u-sheet-1\">\n        <h2 class=\"u-align-center u-font-satisfy u-text u-text-custom-color-2 u-text-1\"> We can take you anywhere.<\/h2>\n      <\/div>\n      <style class=\"darkreader darkreader--sync\" media=\"screen\"><\/style>\n      <style class=\"darkreader darkreader--sync\" media=\"screen\"><\/style>\n      <style class=\"darkreader darkreader--sync\" media=\"screen\"><\/style>\n      <style class=\"darkreader darkreader--sync\" media=\"screen\"><\/style>\n      <style class=\"darkreader darkreader--sync\" media=\"screen\"><\/style>\n    <\/section>\n    <section class=\"u-clearfix u-lightbox u-white u-section-9\" id=\"sec-08af\">\n      <div class=\"u-clearfix u-sheet u-sheet-1\">\n        <h5 class=\"u-align-center u-custom-font u-text u-text-font u-text-1\"> Any questions or comments? Just drop us a message.<\/h5>\n        <h2 class=\"u-align-center u-text u-text-2\">Contact Us!<\/h2>\n        <div class=\"custom-expanded u-form u-form-1\">\n          <form action=\"https:\/\/forms.nicepagesrv.com\/v2\/form\/process\" class=\"u-clearfix u-form-spacing-32 u-form-vertical u-inner-form\" source=\"email\" name=\"form\" style=\"padding: 10px;\">\n            <div class=\"u-form-email u-form-group u-form-partition-factor-2\">\n              <label class=\"u-label\">Email<\/label>\n              <input type=\"email\" placeholder=\"Enter a valid email address\" id=\"email-bb9b\" name=\"email\" class=\"u-border-none u-input u-input-rectangle u-radius-50\" required=\"\">\n            <\/div>\n            <div class=\"u-form-group u-form-name u-form-partition-factor-2\">\n              <label class=\"u-label\">Name<\/label>\n              <input type=\"text\" placeholder=\"Enter your Name\" id=\"name-bb9b\" name=\"name\" class=\"u-border-none u-input u-input-rectangle u-radius-50\" required=\"\">\n            <\/div>\n            <div class=\"u-form-country u-form-group u-form-group-3\">\n              <label class=\"u-label\">Country<\/label>\n              <div class=\"u-form-select-wrapper\">\n                <select id=\"country-1219\" name=\"country\" class=\"u-border-none u-input u-input-rectangle u-radius u-input-3\" data-country-code=\"fr\">\n                  <option value=\"France\">France<\/option>\n                <\/select>\n                <svg class=\"u-caret u-caret-svg\" id=\"Layer_1\" x=\"0px\" y=\"0px\" viewbox=\"0 0 16 16\" style=\"fill: currentcolor; \"><polygon class=\"st0\" points=\"8,12 2,4 14,4 \"><\/polygon><\/svg>\n              <\/div>\n            <\/div>\n            <div class=\"u-form-group u-form-message u-form-group-4\">\n              <label class=\"u-label\">Message<\/label>\n              <textarea placeholder=\"Enter your message\" id=\"message-52ac\" name=\"message\" class=\"u-border-none u-input u-input-rectangle u-radius u-input-4\" required=\"required\" data-date-format=\"mm\/dd\/yyyy\"><\/textarea>\n            <\/div>\n            <div class=\"u-align-right u-form-group u-form-submit\">\n              <a href=\"#\" class=\"u-active-custom-color-2 u-border-none u-btn u-btn-round u-btn-submit u-button-style u-custom-color-2 u-hover-custom-color-2 u-radius-50 u-text-active-white u-text-hover-white u-text-white u-btn-1\">Submit<\/a>\n              <input type=\"submit\" value=\"submit\" class=\"u-form-control-hidden\" wfd-invisible=\"true\">\n            <\/div>\n            <div class=\"u-form-send-message u-form-send-success\"> Thank you! Your message has been sent. <\/div>\n            <div class=\"u-form-send-error u-form-send-message\"> Unable to send your message. Please fix errors then try again. <\/div>\n            <input type=\"hidden\" value=\"\" name=\"recaptchaResponse\" wfd-invisible=\"true\">\n            <input type=\"hidden\" name=\"formServices\" value=\"9ce579c7-bfff-fb58-f7b0-9339c2371b50\">\n            <input type=\"hidden\" name=\"siteKey\" value=\"6Lfn7mgqAAAAADjWJ9sLRL4b8K4dR8TeM0nhmt4T\">\n          <\/form>\n        <\/div>\n      <\/div>\n      <style class=\"darkreader darkreader--sync\" media=\"screen\"><\/style>\n      <style class=\"darkreader darkreader--sync\" media=\"screen\"><\/style>\n      <style class=\"darkreader darkreader--sync\" media=\"screen\"><\/style>\n      <style class=\"darkreader darkreader--sync\" media=\"screen\"><\/style>\n      <style class=\"darkreader darkreader--sync\" media=\"screen\"><\/style>\n    <\/section>\n    <section class=\"u-clearfix u-section-10\" id=\"sec-3af4\">\n      <div class=\"u-clearfix u-sheet u-valign-bottom-xs u-sheet-1\">\n        <p class=\"u-align-center u-custom-font u-font-raleway u-text u-text-default u-text-1\">\n          <span style=\"font-size: 1.5rem;\" class=\"u-text-custom-color-2\">Thank you!<br>An exceptional collaboration is underway \n          <\/span>.<br>\n        <\/p>\n      <\/div>\n      <style class=\"darkreader darkreader--sync\" media=\"screen\"><\/style>\n      <style class=\"darkreader darkreader--sync\" media=\"screen\"><\/style>\n      <style class=\"darkreader darkreader--sync\" media=\"screen\"><\/style>\n      <style class=\"darkreader darkreader--sync\" media=\"screen\"><\/style>\n      <style class=\"darkreader darkreader--sync\" media=\"screen\"><\/style>\n    <\/section>\n    <style class=\"darkreader darkreader--sync\" media=\"screen\"><\/style>\n    <style class=\"darkreader darkreader--sync\" media=\"screen\"><\/style>\n    \n    <style class=\"darkreader darkreader--sync\" media=\"screen\"><\/style>","protected":false},"excerpt":{"rendered":"<p>Design\/Fabricant de Stands d&rsquo; E\u200bxposition, Stands sur mesure, Stands Modulaires et Meuble Personnalis\u00e9. Votre stand, notre engagement : un design unique, une construction de qualit\u00e9. Bienvenue chez HiWorld, une agence de communication sp\u00e9cialis\u00e9e dans les \u00e9v\u00e9nements d&rsquo;exposition. Notre \u00e9quipe exp\u00e9riment\u00e9e excelle dans la conception de stands d\u2019exposition sur mesure, alliant cr\u00e9ativit\u00e9 et expertise. En tant &hellip; <a href=\"https:\/\/hiworld-design.com\/en\/\" class=\"more-link\">Continue reading<span class=\"screen-reader-text\"> \u00ab\u00a0HiWorld\u00a0\u00bb<\/span><\/a><\/p>","protected":false},"author":1,"featured_media":0,"parent":0,"menu_order":2,"comment_status":"closed","ping_status":"closed","template":"","meta":{"_coblocks_attr":"","_coblocks_dimensions":"","_coblocks_responsive_height":"","_coblocks_accordion_ie_support":"","footnotes":""},"class_list":["post-142","page","type-page","status-publish","hentry"],"_links":{"self":[{"href":"https:\/\/hiworld-design.com\/en\/wp-json\/wp\/v2\/pages\/142","targetHints":{"allow":["GET"]}}],"collection":[{"href":"https:\/\/hiworld-design.com\/en\/wp-json\/wp\/v2\/pages"}],"about":[{"href":"https:\/\/hiworld-design.com\/en\/wp-json\/wp\/v2\/types\/page"}],"author":[{"embeddable":true,"href":"https:\/\/hiworld-design.com\/en\/wp-json\/wp\/v2\/users\/1"}],"replies":[{"embeddable":true,"href":"https:\/\/hiworld-design.com\/en\/wp-json\/wp\/v2\/comments?post=142"}],"version-history":[{"count":9,"href":"https:\/\/hiworld-design.com\/en\/wp-json\/wp\/v2\/pages\/142\/revisions"}],"predecessor-version":[{"id":331,"href":"https:\/\/hiworld-design.com\/en\/wp-json\/wp\/v2\/pages\/142\/revisions\/331"}],"wp:attachment":[{"href":"https:\/\/hiworld-design.com\/en\/wp-json\/wp\/v2\/media?parent=142"}],"curies":[{"name":"wp","href":"https:\/\/api.w.org\/{rel}","templated":true}]}}