{"id":144,"date":"2024-08-26T15:44:18","date_gmt":"2024-08-26T15:44:18","guid":{"rendered":"https:\/\/hiworld-design.com\/contactez-nous\/"},"modified":"2024-12-04T14:50:03","modified_gmt":"2024-12-04T14:50:03","slug":"contactez-nous","status":"publish","type":"page","link":"https:\/\/hiworld-design.com\/en\/contactez-nous\/","title":{"rendered":"Contact Us"},"content":{"rendered":"<style class=\"darkreader darkreader--sync\" media=\"screen\"><\/style>\n    <style class=\"darkreader darkreader--sync\" media=\"screen\"><\/style>\n    <style class=\"darkreader darkreader--sync\" media=\"screen\"><\/style>\n    \n    <style class=\"darkreader darkreader--sync\" media=\"screen\"><\/style>\n    <style class=\"darkreader darkreader--sync\" media=\"screen\"><\/style>\n    <style class=\"darkreader darkreader--sync\" media=\"screen\"><\/style>\n    <section class=\"skrollable u-clearfix u-container-align-left-xs u-image u-shading u-uploaded-video lazyload u-section-2\" id=\"sec-2e39\" data-image-width=\"1980\" data-image-height=\"1186\" data-bg=\"linear-gradient(0deg, rgba(0, 0, 0, 0.4), rgba(0, 0, 0, 0.4)), url('https:\/\/hiworld-design.com\/wp-content\/uploads\/2024\/08\/minimalist-black-interior-with-black-sofa3-1.jpg')\">\n      <div class=\"u-clearfix u-sheet u-valign-middle u-sheet-1\">\n        <h1 class=\"u-text u-text-custom-color-2 u-text-1\"> Looking for a specialised stand manufacturer? Contact us!<\/h1>\n        <p class=\"u-align-justify u-text u-text-2\"> At HiWorld, we are dedicated to bringing your vision to life with our <span class=\"u-text-custom-color-2\">custom stands, modular stands<\/span>&nbsp;and <span class=\"u-text-custom-color-2\">bespoke furniture<\/span> designed with expertise. Whether you want to create some impressive <span class=\"u-text-custom-color-2\">exhibition stands<\/span> for your next event or custom furniture that perfectly fits your space, our team is here to support you.<br>Contact us today to discuss your needs. We are ready to collaborate with you to design and deliver the ideal solution that meets your expectations.<br>For any inquiries, quotes, or to learn more about our services, please fill out the contact form below, and one of our specialists will get back to you shortly.<br>\n        <\/p>\n      <\/div>\n      <style class=\"darkreader darkreader--sync\" media=\"screen\"><\/style>\n      <style class=\"darkreader darkreader--sync\" media=\"screen\"><\/style>\n      <style class=\"darkreader darkreader--sync\" media=\"screen\"><\/style>\n      <style class=\"darkreader darkreader--sync\" media=\"screen\"><\/style>\n      <style class=\"darkreader darkreader--sync\" media=\"screen\"><\/style>\n    <\/section>\n    <section class=\"u-clearfix u-white u-section-3\" id=\"carousel_b99d\">\n      <div class=\"u-clearfix u-sheet u-sheet-1\">\n        <p class=\"u-align-center u-custom-font u-heading-font u-large-text u-text u-text-variant u-text-1\"> Contact Us<br>\n        <\/p>\n        <h5 class=\"u-align-center u-text u-text-2\"> Any questions or comments? Just drop us a message.<\/h5>\n        <div class=\"custom-expanded u-align-center u-list u-list-1\">\n          <div class=\"u-repeater u-repeater-1\"><\/div>\n        <\/div>\n        <div class=\"custom-expanded u-align-center u-list u-list-2\">\n          <div class=\"u-repeater u-repeater-2\"><\/div>\n        <\/div>\n        <p class=\"u-align-center u-custom-font u-font-raleway u-text u-text-custom-color-2 u-text-3\">\n          <span style=\"font-weight: 700;\">Thank you!<\/span>!<br>\n          <span style=\"font-weight: 700;\"> An exceptional collaboration is underway!<\/span>\n        <\/p>\n        <div class=\"u-expanded-width-xs u-form u-form-1\">\n          <form action=\"https:\/\/forms.nicepagesrv.com\/v2\/form\/process\" class=\"u-clearfix u-form-spacing-32 u-form-vertical u-inner-form\" source=\"email\" name=\"form\" style=\"padding: 10px;\">\n            <div class=\"u-form-email u-form-group u-form-partition-factor-2\">\n              <label class=\"u-label\">Email<\/label>\n              <input type=\"email\" placeholder=\"Enter a valid email address\" id=\"email-bb9b\" name=\"email\" class=\"u-border-none u-input u-input-rectangle u-radius-50\" required=\"\">\n            <\/div>\n            <div class=\"u-form-group u-form-name u-form-partition-factor-2\">\n              <label class=\"u-label\">Name<\/label>\n              <input type=\"text\" placeholder=\"Enter your Name\" id=\"name-bb9b\" name=\"name\" class=\"u-border-none u-input u-input-rectangle u-radius-50\" required=\"\">\n            <\/div>\n            <div class=\"u-form-group u-form-message u-form-group-3\">\n              <label class=\"u-label\">Message<\/label>\n              <textarea placeholder=\"\u200b\" id=\"message-28de\" name=\"message\" class=\"u-border-none u-input u-input-rectangle u-radius u-input-3\" required=\"\"><\/textarea>\n            <\/div>\n            <div class=\"u-align-right u-form-group u-form-submit\">\n              <a href=\"#\" class=\"u-active-black u-border-none u-btn u-btn-round u-btn-submit u-button-style u-custom-color-2 u-hover-custom-color-2 u-radius-50 u-text-active-white u-text-hover-white u-text-palette-2-dark-2 u-btn-1\">Submit<\/a>\n              <input type=\"submit\" value=\"submit\" class=\"u-form-control-hidden\" wfd-invisible=\"true\">\n            <\/div>\n            <div class=\"u-form-send-message u-form-send-success\"> Thank you! Your message has been sent. <\/div>\n            <div class=\"u-form-send-error u-form-send-message\"> Unable to send your message. Please fix errors then try again. <\/div>\n            <input type=\"hidden\" value=\"\" name=\"recaptchaResponse\" wfd-invisible=\"true\">\n            <input type=\"hidden\" name=\"formServices\" value=\"9ce579c7-bfff-fb58-f7b0-9339c2371b50\">\n            <input type=\"hidden\" name=\"siteKey\" value=\"6Lfn7mgqAAAAADjWJ9sLRL4b8K4dR8TeM0nhmt4T\">\n          <\/form>\n        <\/div>\n        <div class=\"data-layout-selected u-align-left-lg u-align-left-md u-align-left-sm u-align-left-xl u-clearfix u-expanded-width u-layout-wrap u-layout-wrap-1\">\n          <div class=\"u-layout\">\n            <div class=\"u-layout-row\">\n              <div class=\"u-container-style u-layout-cell u-size-20 u-layout-cell-1\">\n                <div class=\"u-container-layout u-valign-top-lg u-valign-top-md u-valign-top-sm u-valign-top-xl u-container-layout-1\">\n                  <div class=\"u-align-center u-expanded-width u-list u-list-3\">\n                    <div class=\"u-repeater u-repeater-3\">\n                      <div class=\"u-container-style u-list-item u-repeater-item\">\n                        <div class=\"u-container-layout u-similar-container u-container-layout-2\"><span class=\"u-align-center u-file-icon u-icon u-icon-1\"><img decoding=\"async\" src=\"https:\/\/hiworld-design.com\/wp-content\/uploads\/2024\/08\/191-1.png\" alt=\"\"><\/span>\n                          <h6 class=\"u-align-center u-text u-text-4\">Phone<\/h6>\n                          <p class=\"u-custom-font u-heading-font u-text u-text-default u-text-5\"><span class=\"u-file-icon u-icon u-text-black u-icon-2\"><img decoding=\"async\" src=\"https:\/\/hiworld-design.com\/wp-content\/uploads\/2024\/08\/57c728a9-1.png\" alt=\"\"><\/span> +33(0760574930)<br>\n                          <\/p>\n                          <p class=\"u-custom-font u-heading-font u-text u-text-default u-text-6\"><span class=\"u-file-icon u-icon u-text-black u-icon-3\"><img decoding=\"async\" src=\"https:\/\/hiworld-design.com\/wp-content\/uploads\/2024\/08\/2fa0fdc3-1.png\" alt=\"\"><\/span> +33 (0982669507) \n                          <\/p>\n                        <\/div>\n                      <\/div>\n                    <\/div>\n                  <\/div>\n                <\/div>\n              <\/div>\n              <div class=\"u-container-style u-layout-cell u-size-20 u-layout-cell-2\">\n                <div class=\"u-container-layout u-container-layout-3\">\n                  <div class=\"u-align-center u-expanded-width u-list u-list-4\">\n                    <div class=\"u-repeater u-repeater-4\">\n                      <div class=\"u-container-style u-list-item u-repeater-item\">\n                        <div class=\"u-container-layout u-similar-container u-container-layout-4\"><span class=\"u-align-center u-file-icon u-icon u-icon-4\"><img decoding=\"async\" src=\"https:\/\/hiworld-design.com\/wp-content\/uploads\/2024\/08\/542689-1.png\" alt=\"\"><\/span>\n                          <h6 class=\"u-align-center u-text u-text-7\"> Email<\/h6>\n                          <p class=\"u-align-center u-custom-font u-heading-font u-text u-text-default u-text-8\"> contact@hiworld-design.com<\/p>\n                        <\/div>\n                      <\/div>\n                    <\/div>\n                  <\/div>\n                <\/div>\n              <\/div>\n              <div class=\"u-container-style u-layout-cell u-size-20 u-layout-cell-3\">\n                <div class=\"u-container-layout u-container-layout-5\">\n                  <div class=\"u-align-center u-expanded-width u-list u-list-5\">\n                    <div class=\"u-repeater u-repeater-5\">\n                      <div class=\"u-container-style u-list-item u-repeater-item\">\n                        <div class=\"u-container-layout u-similar-container u-container-layout-6\"><span class=\"u-align-center u-file-icon u-icon u-icon-5\"><img decoding=\"async\" src=\"https:\/\/hiworld-design.com\/wp-content\/uploads\/2024\/08\/535239-1.png\" alt=\"\"><\/span>\n                          <h6 class=\"u-align-center u-text u-text-9\"> Location<\/h6>\n                          <p class=\"u-align-center u-custom-font u-heading-font u-text u-text-default u-text-10\"> 59 rue de ponthieu<br>75008 Paris, France \n                          <\/p>\n                        <\/div>\n                      <\/div>\n                    <\/div>\n                  <\/div>\n                <\/div>\n              <\/div>\n            <\/div>\n          <\/div>\n        <\/div>\n      <\/div>\n      <style class=\"darkreader darkreader--sync\" media=\"screen\"><\/style>\n      <style class=\"darkreader darkreader--sync\" media=\"screen\"><\/style>\n      <style class=\"darkreader darkreader--sync\" media=\"screen\"><\/style>\n      <style class=\"darkreader darkreader--sync\" media=\"screen\"><\/style>\n      <style class=\"darkreader darkreader--sync\" media=\"screen\"><\/style>\n    <\/section>\n    <style class=\"darkreader darkreader--sync\" media=\"screen\"><\/style>\n    \n    <style class=\"darkreader darkreader--sync\" media=\"screen\"><\/style>","protected":false},"excerpt":{"rendered":"<p>Vous cherchez un fabricant de stands sp\u00e9cialis\u00e9 ? Contactez\u200b\u200b-nous ! Chez HiWorld, nous sommes d\u00e9di\u00e9s \u00e0 concr\u00e9tiser votre vision gr\u00e2ce \u00e0 nos stands sur mesure, stands modulaires&nbsp;et meubles personnalis\u00e9s con\u00e7us avec expertise. Que vous souhaitiez cr\u00e9er des stands d&rsquo;exposition impressionnants pour votre prochain \u00e9v\u00e9nement ou du mobilier sur mesure qui s&rsquo;adapte parfaitement \u00e0 votre espace, &hellip; <a href=\"https:\/\/hiworld-design.com\/en\/contactez-nous\/\" class=\"more-link\">Continue reading<span class=\"screen-reader-text\"> \u00ab\u00a0Contactez-nous\u00a0\u00bb<\/span><\/a><\/p>","protected":false},"author":1,"featured_media":0,"parent":0,"menu_order":4,"comment_status":"closed","ping_status":"closed","template":"","meta":{"_coblocks_attr":"","_coblocks_dimensions":"","_coblocks_responsive_height":"","_coblocks_accordion_ie_support":"","footnotes":""},"class_list":["post-144","page","type-page","status-publish","hentry"],"_links":{"self":[{"href":"https:\/\/hiworld-design.com\/en\/wp-json\/wp\/v2\/pages\/144","targetHints":{"allow":["GET"]}}],"collection":[{"href":"https:\/\/hiworld-design.com\/en\/wp-json\/wp\/v2\/pages"}],"about":[{"href":"https:\/\/hiworld-design.com\/en\/wp-json\/wp\/v2\/types\/page"}],"author":[{"embeddable":true,"href":"https:\/\/hiworld-design.com\/en\/wp-json\/wp\/v2\/users\/1"}],"replies":[{"embeddable":true,"href":"https:\/\/hiworld-design.com\/en\/wp-json\/wp\/v2\/comments?post=144"}],"version-history":[{"count":2,"href":"https:\/\/hiworld-design.com\/en\/wp-json\/wp\/v2\/pages\/144\/revisions"}],"predecessor-version":[{"id":292,"href":"https:\/\/hiworld-design.com\/en\/wp-json\/wp\/v2\/pages\/144\/revisions\/292"}],"wp:attachment":[{"href":"https:\/\/hiworld-design.com\/en\/wp-json\/wp\/v2\/media?parent=144"}],"curies":[{"name":"wp","href":"https:\/\/api.w.org\/{rel}","templated":true}]}}